{"id":29,"date":"2025-09-25T11:59:04","date_gmt":"2025-09-25T09:59:04","guid":{"rendered":"https:\/\/www.wiwis-united.de\/?page_id=29"},"modified":"2025-10-10T16:55:27","modified_gmt":"2025-10-10T14:55:27","slug":"home","status":"publish","type":"page","link":"https:\/\/www.wiwis-united.de\/","title":{"rendered":"Home"},"content":{"rendered":"<!-- wp:themify-builder\/canvas \/-->\n\n\n<p><\/p>\n","protected":false},"excerpt":{"rendered":"","protected":false},"author":1,"featured_media":0,"parent":0,"menu_order":0,"comment_status":"closed","ping_status":"closed","template":"","meta":{"footnotes":""},"class_list":["post-29","page","type-page","status-publish","hentry","has-post-title","has-post-date","has-post-category","has-post-tag","has-post-comment","has-post-author",""],"builder_content":"<h1>Net. Work. Life<\/h1>\n<h3 style=\"text-align: left;\">\"Die Studienzeit endet - die Gemeinschaft bleibt.\"<\/h3>\n<img src=\"https:\/\/www.wiwis-united.de\/wp-content\/uploads\/2025\/10\/logo.png\" title=\"logo\" alt=\"logo\">\n<h2>\u00dcber uns<\/h2> <p>Die Urspr\u00fcnge der WIWIS United reichen bis ins Jahr 1995 zur\u00fcck. Die Gr\u00fcnder des Alumni-Vereins \u201eBau 16 \u2013 Betriebs- und Volkswirtschaftsabsolventen der Universit\u00e4t des Saarlandes e.V.\u201d wollten das Netzwerk der Absolventen lebendig halten.<\/p> <p>Der Gr\u00fcndungsvorsitzende Dominik Kramer und seine Stellvertreter Christoph Schallenberg, Ivonne Behle und Susanne Meyer bauten den Verein auf und kn\u00fcpften das Ursprungsnetzwerk<\/p> <p>Im Jahr 2006 erinnerte sich der heutige Pr\u00e4sident Christian Ege an dieses Netzwerk und fragte bei der Examensfeier in seinem Vortrag nach den Aktivit\u00e4ten des Vereins. Nach kurzen Recherchen sind dann aus dem Bau 16 e.V., die WIWIS United entstanden. Denn inzwischen wurde auch das namensgebende Geb\u00e4ude modernisiert und hei\u00dft heute B 4 1.<\/p>\n<h2>News und Events<\/h2>\n<a href=\"https:\/\/www.uni-saarland.de\/fileadmin\/upload\/footer\/lageplan\/saarbruecken_klickbar.pdf\"> <img src=\"https:\/\/www.wiwis-united.de\/wp-content\/uploads\/2025\/10\/72617.png\" title=\"72617\" alt=\"72617\"> <\/a>\n<h2>Kontakt<\/h2>\n<p>\u00a0<br>WIWIS UNITED e. V.<br>Universit\u00e4t des Saarlandes<br>Campus A5 4, Zentrale Poststelle<br>66123 Saarbr\u00fccken<\/p> <p>Vereinsregister: 4049<br>Registergericht: Amtsgericht Saarbr\u00fccken<\/p> <p>Vertreten durch den Vorstand:<br>Christian Burgardt, Pr\u00e4sident<br>Universit\u00e4t des Saarlandes<br>Campus A5 4<br>66123 Saarbr\u00fccken<\/p>\nTelefon: +49 681 37 20 85 33<br>Telefax: +49 681 37 20 85 339 \u00a0 E-Mail: info@wiwis-united.de","_links":{"self":[{"href":"https:\/\/www.wiwis-united.de\/index.php?rest_route=\/wp\/v2\/pages\/29","targetHints":{"allow":["GET"]}}],"collection":[{"href":"https:\/\/www.wiwis-united.de\/index.php?rest_route=\/wp\/v2\/pages"}],"about":[{"href":"https:\/\/www.wiwis-united.de\/index.php?rest_route=\/wp\/v2\/types\/page"}],"author":[{"embeddable":true,"href":"https:\/\/www.wiwis-united.de\/index.php?rest_route=\/wp\/v2\/users\/1"}],"replies":[{"embeddable":true,"href":"https:\/\/www.wiwis-united.de\/index.php?rest_route=%2Fwp%2Fv2%2Fcomments&post=29"}],"version-history":[{"count":134,"href":"https:\/\/www.wiwis-united.de\/index.php?rest_route=\/wp\/v2\/pages\/29\/revisions"}],"predecessor-version":[{"id":411,"href":"https:\/\/www.wiwis-united.de\/index.php?rest_route=\/wp\/v2\/pages\/29\/revisions\/411"}],"wp:attachment":[{"href":"https:\/\/www.wiwis-united.de\/index.php?rest_route=%2Fwp%2Fv2%2Fmedia&parent=29"}],"curies":[{"name":"wp","href":"https:\/\/api.w.org\/{rel}","templated":true}]}}